{"id":781,"date":"2017-02-09T08:45:13","date_gmt":"2017-02-09T08:45:13","guid":{"rendered":"http:\/\/dummy.xtemos.com\/basel\/vers\/?page_id=781"},"modified":"2025-07-09T17:27:54","modified_gmt":"2025-07-09T22:27:54","slug":"about-me","status":"publish","type":"page","link":"https:\/\/ingles-util.com\/index.php\/about-me\/","title":{"rendered":"Nosotros"},"content":{"rendered":"<div class=\"wpb-content-wrapper\"><p>[vc_row full_width=&#8221;stretch_row_content_no_spaces&#8221; content_placement=&#8221;middle&#8221; css=&#8221;.vc_custom_1752100065295{margin-top: -40px !important;margin-bottom: -40px !important;background-image: url(https:\/\/ingles-util.com\/wp-content\/uploads\/2025\/04\/back_us.jpg?id=1688) !important;background-position: center !important;background-repeat: no-repeat !important;background-size: cover !important;}&#8221;][vc_column offset=&#8221;vc_col-md-6&#8243;][\/vc_column][vc_column css=&#8221;.vc_custom_1485009354843{margin-top: 25px !important;margin-bottom: 40px !important;padding-right: 10% !important;padding-left: 10% !important;}&#8221; offset=&#8221;vc_col-md-6&#8243;][vc_column_text css=&#8221;.vc_custom_1744318352066{margin-bottom: 30px !important;}&#8221;]<\/p>\n<h1 class=\"font-title\" style=\"text-align: center; font-size: 42px; text-transform: capitalize;\">Sobre <span style=\"border-bottom: 1px solid #BDBDBD; padding-bottom: 4px;\">Nosotros<\/span><\/h1>\n<p>[\/vc_column_text][vc_column_text css=&#8221;.vc_custom_1744318455170{padding-right: 30px !important;padding-left: 30px !important;}&#8221;]<\/p>\n<p class=\"\" style=\"text-align: center;\" data-start=\"210\" data-end=\"544\">En <strong data-start=\"213\" data-end=\"228\">Ingl\u00e9s \u00datil<\/strong> entendemos que llegar a un nuevo pa\u00eds es tan desafiante como emocionante. Por eso, creamos una plataforma educativa especialmente dise\u00f1ada para personas hispanohablantes reci\u00e9n llegadas a Estados Unidos, que necesitan aprender ingl\u00e9s de forma r\u00e1pida, pr\u00e1ctica y efectiva para integrarse al entorno laboral y social.<\/p>\n<p class=\"\" style=\"text-align: center;\" data-start=\"546\" data-end=\"888\">Nuestros cursos est\u00e1n desarrollados por un equipo de <strong data-start=\"599\" data-end=\"652\">maestros certificados y traductores profesionales<\/strong>, con a\u00f1os de experiencia ense\u00f1ando ingl\u00e9s como segundo idioma. Combinamos conocimiento acad\u00e9mico con situaciones reales del d\u00eda a d\u00eda en EE. UU., para que aprendas lo que realmente necesitas: ingl\u00e9s \u00fatil, aplicado y orientado al \u00e9xito.<\/p>\n<p class=\"\" style=\"text-align: center;\" data-start=\"890\" data-end=\"1299\">M\u00e1s que un curso, somos una comunidad comprometida con el crecimiento de nuestros estudiantes. <strong data-start=\"985\" data-end=\"1028\">Creemos en la igualdad de oportunidades<\/strong> y trabajamos cada d\u00eda para eliminar la barrera del idioma que limita tantas posibilidades. A trav\u00e9s de herramientas digitales accesibles, clases din\u00e1micas y acompa\u00f1amiento personalizado, ayudamos a nuestros alumnos a <strong data-start=\"1246\" data-end=\"1298\">construir un mejor futuro personal y profesional<\/strong>.<\/p>\n<p class=\"\" style=\"text-align: center;\" data-start=\"1301\" data-end=\"1518\">Nos guiamos por valores firmes: <strong data-start=\"1333\" data-end=\"1386\">honestidad, responsabilidad, respeto y disciplina<\/strong>. Estos principios nos inspiran a brindar una educaci\u00f3n de calidad, transparente y centrada en el bienestar de nuestros estudiantes.<\/p>\n<p class=\"\" style=\"text-align: center;\" data-start=\"1520\" data-end=\"1609\">En Ingl\u00e9s \u00datil, tu meta es tambi\u00e9n la nuestra. Porque cuando t\u00fa avanzas, todos avanzamos.<\/p>\n<p>[\/vc_column_text][\/vc_column][\/vc_row]<\/p>\n<\/div>","protected":false},"excerpt":{"rendered":"<p>[vc_row full_width=&#8221;stretch_row_content_no_spaces&#8221; content_placement=&#8221;middle&#8221; css=&#8221;.vc_custom_1752100065295{margin-top: -40px !important;margin-bottom: -40px !important;background-image: url(https:\/\/ingles-util.com\/wp-content\/uploads\/2025\/04\/back_us.jpg?id=1688) !important;background-position: center !important;background-repeat: no-repeat !important;background-size: cover !important;}&#8221;][vc_column offset=&#8221;vc_col-md-6&#8243;][\/vc_column][vc_column css=&#8221;.vc_custom_1485009354843{margin-top: 25px !important;margin-bottom:<\/p>\n","protected":false},"author":2,"featured_media":0,"parent":0,"menu_order":0,"comment_status":"closed","ping_status":"closed","template":"","meta":{"footnotes":""},"class_list":["post-781","page","type-page","status-publish","hentry"],"_links":{"self":[{"href":"https:\/\/ingles-util.com\/index.php\/wp-json\/wp\/v2\/pages\/781","targetHints":{"allow":["GET"]}}],"collection":[{"href":"https:\/\/ingles-util.com\/index.php\/wp-json\/wp\/v2\/pages"}],"about":[{"href":"https:\/\/ingles-util.com\/index.php\/wp-json\/wp\/v2\/types\/page"}],"author":[{"embeddable":true,"href":"https:\/\/ingles-util.com\/index.php\/wp-json\/wp\/v2\/users\/2"}],"replies":[{"embeddable":true,"href":"https:\/\/ingles-util.com\/index.php\/wp-json\/wp\/v2\/comments?post=781"}],"version-history":[{"count":5,"href":"https:\/\/ingles-util.com\/index.php\/wp-json\/wp\/v2\/pages\/781\/revisions"}],"predecessor-version":[{"id":1823,"href":"https:\/\/ingles-util.com\/index.php\/wp-json\/wp\/v2\/pages\/781\/revisions\/1823"}],"wp:attachment":[{"href":"https:\/\/ingles-util.com\/index.php\/wp-json\/wp\/v2\/media?parent=781"}],"curies":[{"name":"wp","href":"https:\/\/api.w.org\/{rel}","templated":true}]}}